{"id":10,"date":"2025-07-11T21:09:45","date_gmt":"2025-07-11T21:09:45","guid":{"rendered":"http:\/\/www.ipprc.kerenes-digital.com\/?page_id=10"},"modified":"2025-07-18T14:34:30","modified_gmt":"2025-07-18T14:34:30","slug":"about","status":"publish","type":"page","link":"https:\/\/ipprc-congo.com\/?page_id=10","title":{"rendered":"Qui sommes nous ?"},"content":{"rendered":"\n<p>Fond\u00e9e en 2011, l\u2019<strong>Initiative Populaire Pour un Renouveau Citoyen (IPPRC)<\/strong>&nbsp;est un mouvement citoyen congolais n\u00e9 de la conviction que le&nbsp;<strong>d\u00e9veloppement du Congo passe par l\u2019implication active de ses citoyens<\/strong>.<\/p>\n\n\n\n<p>L\u2019IPPRC se positionne comme un&nbsp;<strong>espace de r\u00e9flexion, de dialogue et d\u2019action<\/strong>, au service de l\u2019unit\u00e9 nationale, de la paix durable et du progr\u00e8s partag\u00e9.<\/p>\n\n\n\n<h3 class=\"wp-block-heading\">\ud83c\udfaf Notre mission<\/h3>\n\n\n\n<ul class=\"wp-block-list\">\n<li>Faire du&nbsp;<strong>citoyen un acteur central<\/strong>&nbsp;du d\u00e9veloppement.<\/li>\n\n\n\n<li>Encourager la&nbsp;<strong>participation civique<\/strong>&nbsp;\u00e0 tous les niveaux.<\/li>\n\n\n\n<li>Promouvoir les valeurs de&nbsp;<strong>justice sociale, d\u2019\u00e9quit\u00e9, de solidarit\u00e9<\/strong>&nbsp;et de&nbsp;<strong>bonne gouvernance<\/strong>.<\/li>\n\n\n\n<li>Soutenir les politiques publiques dans un esprit de&nbsp;<strong>responsabilit\u00e9 et de construction nationale<\/strong>.<\/li>\n<\/ul>\n\n\n\n<h3 class=\"wp-block-heading\">\ud83d\udd0d Nos actions<\/h3>\n\n\n\n<ul class=\"wp-block-list\">\n<li><strong>Conf\u00e9rences publiques<\/strong>, d\u00e9bats citoyens et campagnes de sensibilisation<\/li>\n\n\n\n<li>\u00c9tudes de terrain et publication de propositions concr\u00e8tes<\/li>\n\n\n\n<li>Appui aux initiatives locales et \u00e0 la mobilisation des jeunes<\/li>\n\n\n\n<li>Valorisation des&nbsp;<strong>r\u00e9alisations du Chef de l\u2019\u00c9tat<\/strong>, Son Excellence Denis SASSOU N\u2019GUESSO, dans une logique de suivi et de vulgarisation des politiques nationales<\/li>\n<\/ul>\n\n\n\n<h3 class=\"wp-block-heading\">\ud83e\udd1d Notre vision<\/h3>\n\n\n\n<p>Un&nbsp;<strong>Congo uni, apais\u00e9, et r\u00e9solument tourn\u00e9 vers l\u2019avenir<\/strong>, o\u00f9 chaque citoyen est conscient de ses droits et devoirs, et agit activement pour le bien commun.<\/p>\n\n\n\n<h3 class=\"wp-block-heading\">\ud83d\udce2 Rejoignez-nous<\/h3>\n\n\n\n<p>L\u2019IPPRC, c\u2019est&nbsp;<strong>plus de 10 ans d\u2019engagement au service de la Nation<\/strong>.<br>C\u2019est une voix forte, responsable et ouverte, au c\u0153ur des r\u00e9alit\u00e9s du peuple congolais.<\/p>\n\n\n\n<p class=\"has-neve-text-color-color has-text-color\">\u270a\ud83c\udffd Ensemble, b\u00e2tissons un renouveau citoyen, durable et inclusif.<\/p>\n\n\n\n<div class=\"wp-block-cover alignfull\" style=\"min-height:600px;aspect-ratio:unset;\"><span aria-hidden=\"true\" class=\"wp-block-cover__background has-nv-light-bg-background-color has-background-dim-100 has-background-dim\"><\/span><div class=\"wp-block-cover__inner-container is-layout-flow wp-block-cover-is-layout-flow\">\n<div class=\"wp-block-group\"><div class=\"wp-block-group__inner-container is-layout-flow wp-block-group-is-layout-flow\">\n<div class=\"wp-block-columns has-nv-text-dark-bg-color has-neve-link-color-background-color has-text-color has-background has-link-color wp-elements-6c79955905569ce6f5e9cf6343410e97 is-layout-flex wp-container-core-columns-is-layout-54bf4747 wp-block-columns-is-layout-flex\" style=\"border-radius:24px;padding-top:var(--wp--preset--spacing--70);padding-right:var(--wp--preset--spacing--70);padding-bottom:var(--wp--preset--spacing--70);padding-left:var(--wp--preset--spacing--70)\">\n<div class=\"wp-block-column is-layout-flow wp-block-column-is-layout-flow\" style=\"flex-basis:100%\">\n<h2 class=\"wp-block-heading has-nv-text-dark-bg-color has-text-color has-link-color has-huge-font-size wp-elements-55218ba885d563d6d0a864cfb578f8f5\">Rejoindre IPPRC !<a href=\"#\">Join the team<\/a><\/h2>\n<\/div>\n\n\n\n<div class=\"wp-block-column is-layout-flow wp-block-column-is-layout-flow\" style=\"flex-basis:100%\">\n<p class=\"has-nv-text-dark-bg-color has-text-color has-link-color has-medium-font-size wp-elements-d3fe4714a8f7d637f27831c2cec53ba8\">\u00ab Le citoyen au c\u0153ur de la Nation \u00bb<\/p>\n<\/div>\n<\/div>\n\n\n\n<div style=\"height:40px\" aria-hidden=\"true\" class=\"wp-block-spacer\"><\/div>\n<\/div><\/div>\n<\/div><\/div>\n","protected":false},"excerpt":{"rendered":"<p>Fond\u00e9e en 2011, l\u2019Initiative Populaire Pour un Renouveau Citoyen (IPPRC)&nbsp;est un mouvement citoyen congolais n\u00e9 de la conviction que le&nbsp;d\u00e9veloppement du Congo passe par l\u2019implication active de ses citoyens. L\u2019IPPRC se positionne comme un&nbsp;espace de r\u00e9flexion, de dialogue et d\u2019action, au service de l\u2019unit\u00e9 nationale, de la paix durable et du progr\u00e8s partag\u00e9. \ud83c\udfaf Notre&hellip;&nbsp;<a href=\"https:\/\/ipprc-congo.com\/?page_id=10\" rel=\"bookmark\"><span class=\"screen-reader-text\">Qui sommes nous ?<\/span><\/a><\/p>\n","protected":false},"author":1,"featured_media":0,"parent":0,"menu_order":0,"comment_status":"closed","ping_status":"closed","template":"","meta":{"neve_meta_sidebar":"","neve_meta_container":"","neve_meta_enable_content_width":"on","neve_meta_content_width":100,"neve_meta_title_alignment":"","neve_meta_author_avatar":"","neve_post_elements_order":"","neve_meta_disable_header":"","neve_meta_disable_footer":"","neve_meta_disable_title":"on","footnotes":""},"class_list":["post-10","page","type-page","status-publish","hentry"],"_links":{"self":[{"href":"https:\/\/ipprc-congo.com\/index.php?rest_route=\/wp\/v2\/pages\/10","targetHints":{"allow":["GET"]}}],"collection":[{"href":"https:\/\/ipprc-congo.com\/index.php?rest_route=\/wp\/v2\/pages"}],"about":[{"href":"https:\/\/ipprc-congo.com\/index.php?rest_route=\/wp\/v2\/types\/page"}],"author":[{"embeddable":true,"href":"https:\/\/ipprc-congo.com\/index.php?rest_route=\/wp\/v2\/users\/1"}],"replies":[{"embeddable":true,"href":"https:\/\/ipprc-congo.com\/index.php?rest_route=%2Fwp%2Fv2%2Fcomments&post=10"}],"version-history":[{"count":10,"href":"https:\/\/ipprc-congo.com\/index.php?rest_route=\/wp\/v2\/pages\/10\/revisions"}],"predecessor-version":[{"id":142,"href":"https:\/\/ipprc-congo.com\/index.php?rest_route=\/wp\/v2\/pages\/10\/revisions\/142"}],"wp:attachment":[{"href":"https:\/\/ipprc-congo.com\/index.php?rest_route=%2Fwp%2Fv2%2Fmedia&parent=10"}],"curies":[{"name":"wp","href":"https:\/\/api.w.org\/{rel}","templated":true}]}}