{"id":9,"date":"2025-07-11T21:09:45","date_gmt":"2025-07-11T21:09:45","guid":{"rendered":"http:\/\/www.ipprc.kerenes-digital.com\/?page_id=9"},"modified":"2025-07-18T15:20:21","modified_gmt":"2025-07-18T15:20:21","slug":"home","status":"publish","type":"page","link":"https:\/\/ipprc-congo.com\/","title":{"rendered":""},"content":{"rendered":"\n<div class=\"wp-block-cover alignfull has-parallax\" style=\"min-height:576px;aspect-ratio:unset;\"><div class=\"wp-block-cover__image-background wp-image-37 size-full has-parallax\" style=\"background-position:50% 50%;background-image:url(https:\/\/www.ipprc.kerenes-digital.com\/wp-content\/uploads\/2025\/07\/bandeau_ipprc-1-scaled.jpg)\"><\/div><span aria-hidden=\"true\" class=\"wp-block-cover__background has-background-dim\"><\/span><div class=\"wp-block-cover__inner-container is-layout-flow wp-block-cover-is-layout-flow\">\n<figure class=\"wp-block-image size-full is-resized\"><img loading=\"lazy\" decoding=\"async\" width=\"1536\" height=\"1024\" src=\"https:\/\/www.ipprc.kerenes-digital.com\/wp-content\/uploads\/2025\/07\/ChatGPT-Image-12-juil.-2025-a-22_46_35-1.png\" alt=\"\" class=\"wp-image-100\" style=\"width:481px;height:auto\" srcset=\"https:\/\/ipprc-congo.com\/wp-content\/uploads\/2025\/07\/ChatGPT-Image-12-juil.-2025-a-22_46_35-1.png 1536w, https:\/\/ipprc-congo.com\/wp-content\/uploads\/2025\/07\/ChatGPT-Image-12-juil.-2025-a-22_46_35-1-300x200.png 300w, https:\/\/ipprc-congo.com\/wp-content\/uploads\/2025\/07\/ChatGPT-Image-12-juil.-2025-a-22_46_35-1-1024x683.png 1024w, https:\/\/ipprc-congo.com\/wp-content\/uploads\/2025\/07\/ChatGPT-Image-12-juil.-2025-a-22_46_35-1-768x512.png 768w, https:\/\/ipprc-congo.com\/wp-content\/uploads\/2025\/07\/ChatGPT-Image-12-juil.-2025-a-22_46_35-1-930x620.png 930w\" sizes=\"auto, (max-width: 1536px) 100vw, 1536px\" \/><\/figure>\n\n\n\n<div class=\"wp-block-columns are-vertically-aligned-center is-layout-flex wp-container-core-columns-is-layout-9d6595d7 wp-block-columns-is-layout-flex\">\n<div class=\"wp-block-column is-vertically-aligned-center is-layout-flow wp-block-column-is-layout-flow\" style=\"padding-right:var(--wp--preset--spacing--20);padding-left:var(--wp--preset--spacing--20);flex-basis:65%\">\n<h1 class=\"wp-block-heading has-text-align-left has-nv-text-dark-bg-color has-text-color has-x-large-font-size\"><strong>Initiative Populaire Pour un Renouveau Citoyen<\/strong><\/h1>\n<\/div>\n\n\n\n<div class=\"wp-block-column is-vertically-aligned-center is-layout-flow wp-block-column-is-layout-flow\"><\/div>\n<\/div>\n<\/div><\/div>\n\n\n\n<p><\/p>\n\n\n\n<div class=\"wp-block-columns is-layout-flex wp-container-core-columns-is-layout-9d6595d7 wp-block-columns-is-layout-flex\">\n<div class=\"wp-block-column neve-duotone is-layout-flow wp-block-column-is-layout-flow\" style=\"padding-right:var(--wp--preset--spacing--30);padding-left:var(--wp--preset--spacing--30)\"><div class=\"wp-block-image icon-style is-style-default wp-duotone-unset-1\">\n<figure class=\"aligncenter size-full has-custom-border\"><img loading=\"lazy\" decoding=\"async\" width=\"299\" height=\"168\" src=\"https:\/\/ipprc-congo.com\/wp-content\/uploads\/2025\/07\/IMG_4081-1.jpeg\" alt=\"\" class=\"wp-image-127\" style=\"border-radius:0px\" title=\"\"\/><\/figure>\n<\/div>\n\n\n<h3 class=\"wp-block-heading has-text-align-center has-neve-text-color-color has-text-color\"><strong><a href=\"https:\/\/ipprc-congo.com\/?p=166\" data-type=\"post\" data-id=\"166\">Un front de fleuve modernis\u00e9<\/a><\/strong><br><\/h3>\n<\/div>\n\n\n\n<div class=\"wp-block-column is-layout-flow wp-block-column-is-layout-flow\" style=\"padding-right:var(--wp--preset--spacing--30);padding-left:var(--wp--preset--spacing--30)\"><div class=\"wp-block-image icon-style is-style-default\">\n<figure class=\"aligncenter size-full has-custom-border\"><img loading=\"lazy\" decoding=\"async\" width=\"299\" height=\"168\" src=\"https:\/\/ipprc-congo.com\/wp-content\/uploads\/2025\/07\/IMG_4082-1.jpeg\" alt=\"\" class=\"wp-image-128\" style=\"border-radius:0px\" title=\"\"\/><\/figure>\n<\/div>\n\n\n<h3 class=\"wp-block-heading has-text-align-center has-neve-text-color-color has-text-color\"><a href=\"https:\/\/ipprc-congo.com\/?p=158\" data-type=\"post\" data-id=\"158\">Universit\u00e9 Denis Sassou Nguesso : un nouveau p\u00f4le d\u2019excellence pour l\u2019enseignement sup\u00e9rieur congolais<\/a><\/h3>\n<\/div>\n\n\n\n<div class=\"wp-block-column is-layout-flow wp-block-column-is-layout-flow\" style=\"padding-right:var(--wp--preset--spacing--30);padding-left:var(--wp--preset--spacing--30)\"><div class=\"wp-block-image icon-style is-style-default wp-duotone-unset-2\">\n<figure class=\"aligncenter size-full has-custom-border\"><img loading=\"lazy\" decoding=\"async\" width=\"1024\" height=\"683\" src=\"https:\/\/ipprc-congo.com\/wp-content\/uploads\/2025\/07\/0Q0A9203-Copier-1024x683-1.jpg\" alt=\"\" class=\"wp-image-106\" style=\"border-radius:0px\" title=\"\" srcset=\"https:\/\/ipprc-congo.com\/wp-content\/uploads\/2025\/07\/0Q0A9203-Copier-1024x683-1.jpg 1024w, https:\/\/ipprc-congo.com\/wp-content\/uploads\/2025\/07\/0Q0A9203-Copier-1024x683-1-300x200.jpg 300w, https:\/\/ipprc-congo.com\/wp-content\/uploads\/2025\/07\/0Q0A9203-Copier-1024x683-1-768x512.jpg 768w, https:\/\/ipprc-congo.com\/wp-content\/uploads\/2025\/07\/0Q0A9203-Copier-1024x683-1-930x620.jpg 930w\" sizes=\"auto, (max-width: 1024px) 100vw, 1024px\" \/><\/figure>\n<\/div>\n\n\n<h3 class=\"wp-block-heading has-text-align-center has-neve-text-color-color has-text-color\"><a href=\"https:\/\/ipprc-congo.com\/?p=147\" data-type=\"post\" data-id=\"147\">H\u00f4pitaux g\u00e9n\u00e9raux<\/a><\/h3>\n<\/div>\n\n\n\n<div class=\"wp-block-column is-layout-flow wp-block-column-is-layout-flow\" style=\"padding-right:var(--wp--preset--spacing--30);padding-left:var(--wp--preset--spacing--30)\"><div class=\"wp-block-image icon-style is-style-default wp-duotone-unset-3\">\n<figure class=\"aligncenter size-full has-custom-border\"><img loading=\"lazy\" decoding=\"async\" width=\"402\" height=\"500\" src=\"https:\/\/ipprc-congo.com\/wp-content\/uploads\/2025\/07\/IMG_4085.jpeg\" alt=\"\" class=\"wp-image-114\" style=\"border-radius:0px\" title=\"\" srcset=\"https:\/\/ipprc-congo.com\/wp-content\/uploads\/2025\/07\/IMG_4085.jpeg 402w, https:\/\/ipprc-congo.com\/wp-content\/uploads\/2025\/07\/IMG_4085-241x300.jpeg 241w\" sizes=\"auto, (max-width: 402px) 100vw, 402px\" \/><\/figure>\n<\/div>\n\n\n<h3 class=\"wp-block-heading has-text-align-center has-neve-text-color-color has-text-color\"><a href=\"https:\/\/ipprc-congo.com\/?p=153\" data-type=\"post\" data-id=\"153\">Une strat\u00e9gie nationale\u202f: Congo Digital 2025<\/a><\/h3>\n<\/div>\n<\/div>\n","protected":false},"excerpt":{"rendered":"<p>Un front de fleuve modernis\u00e9 Universit\u00e9 Denis Sassou Nguesso : un nouveau p\u00f4le d\u2019excellence pour l\u2019enseignement sup\u00e9rieur congolais H\u00f4pitaux g\u00e9n\u00e9raux Une strat\u00e9gie nationale\u202f: Congo Digital 2025<\/p>\n","protected":false},"author":1,"featured_media":0,"parent":0,"menu_order":0,"comment_status":"closed","ping_status":"closed","template":"","meta":{"neve_meta_sidebar":"","neve_meta_container":"","neve_meta_enable_content_width":"off","neve_meta_content_width":70,"neve_meta_title_alignment":"","neve_meta_author_avatar":"","neve_post_elements_order":"","neve_meta_disable_header":"","neve_meta_disable_footer":"","neve_meta_disable_title":"","footnotes":""},"class_list":["post-9","page","type-page","status-publish","hentry"],"_links":{"self":[{"href":"https:\/\/ipprc-congo.com\/index.php?rest_route=\/wp\/v2\/pages\/9","targetHints":{"allow":["GET"]}}],"collection":[{"href":"https:\/\/ipprc-congo.com\/index.php?rest_route=\/wp\/v2\/pages"}],"about":[{"href":"https:\/\/ipprc-congo.com\/index.php?rest_route=\/wp\/v2\/types\/page"}],"author":[{"embeddable":true,"href":"https:\/\/ipprc-congo.com\/index.php?rest_route=\/wp\/v2\/users\/1"}],"replies":[{"embeddable":true,"href":"https:\/\/ipprc-congo.com\/index.php?rest_route=%2Fwp%2Fv2%2Fcomments&post=9"}],"version-history":[{"count":46,"href":"https:\/\/ipprc-congo.com\/index.php?rest_route=\/wp\/v2\/pages\/9\/revisions"}],"predecessor-version":[{"id":182,"href":"https:\/\/ipprc-congo.com\/index.php?rest_route=\/wp\/v2\/pages\/9\/revisions\/182"}],"wp:attachment":[{"href":"https:\/\/ipprc-congo.com\/index.php?rest_route=%2Fwp%2Fv2%2Fmedia&parent=9"}],"curies":[{"name":"wp","href":"https:\/\/api.w.org\/{rel}","templated":true}]}}